{"id":53,"date":"2024-01-23T18:50:14","date_gmt":"2024-01-23T18:50:14","guid":{"rendered":"https:\/\/jula.tv\/?page_id=53"},"modified":"2025-02-12T19:58:38","modified_gmt":"2025-02-12T19:58:38","slug":"jula-tv","status":"publish","type":"page","link":"https:\/\/jula.tv\/","title":{"rendered":"Strona g\u0142\u00f3wna"},"content":{"rendered":"<p>[et_pb_section fb_built=&#8221;1&#8243; _builder_version=&#8221;4.24.0&#8243; _module_preset=&#8221;default&#8221; background_color=&#8221;#000000&#8243; background_video_mp4=&#8221;https:\/\/jula.tv\/wp-content\/uploads\/2024\/01\/Jula-naiwnosc_720p.mp4&#8243; background_video_width=&#8221;100%&#8221; width=&#8221;100vw&#8221; max_width=&#8221;100vw&#8221; custom_padding=&#8221;32px|||||&#8221; custom_css_before=&#8221;\/*||content:%22%22;||    display: block;||    position: absolute;||    top: 0;||    left: 0;||    width: 100%;||    height: 100%;||    background-color: rgba(0,0,0,0.4);||    z-index: 9;||*\/&#8221; global_colors_info=&#8221;{}&#8221; height__hover_enabled=&#8221;off|desktop&#8221;][et_pb_row make_equal=&#8221;on&#8221; _builder_version=&#8221;4.24.0&#8243; _module_preset=&#8221;default&#8221; z_index=&#8221;10&#8243; module_alignment=&#8221;center&#8221; height_tablet=&#8221;auto&#8221; height_phone=&#8221;auto&#8221; height_last_edited=&#8221;on|tablet&#8221; custom_css_main_element=&#8221;margin:auto;&#8221; global_colors_info=&#8221;{}&#8221;][et_pb_column type=&#8221;4_4&#8243; _builder_version=&#8221;4.24.0&#8243; _module_preset=&#8221;default&#8221; custom_css_main_element=&#8221;margin:auto;&#8221; global_colors_info=&#8221;{}&#8221;][et_pb_image src=&#8221;https:\/\/jula.tv\/wp-content\/uploads\/2023\/05\/logo_jula_2023.png&#8221; alt=&#8221;Jula &#8211; logo&#8221; title_text=&#8221;Jula &#8211; logo&#8221; align=&#8221;center&#8221; _builder_version=&#8221;4.24.0&#8243; _module_preset=&#8221;default&#8221; max_width=&#8221;35%&#8221; max_width_tablet=&#8221;50%&#8221; max_width_phone=&#8221;100%&#8221; max_width_last_edited=&#8221;on|desktop&#8221; module_alignment=&#8221;center&#8221; custom_css_main_element=&#8221;margin:auto;&#8221; global_colors_info=&#8221;{}&#8221;][\/et_pb_image][\/et_pb_column][\/et_pb_row][et_pb_row make_equal=&#8221;on&#8221; custom_padding_last_edited=&#8221;on|desktop&#8221; _builder_version=&#8221;4.24.0&#8243; _module_preset=&#8221;default&#8221; background_enable_image=&#8221;off&#8221; z_index=&#8221;10&#8243; width_tablet=&#8221;&#8221; width_phone=&#8221;&#8221; width_last_edited=&#8221;on|tablet&#8221; module_alignment=&#8221;center&#8221; height_tablet=&#8221;&#8221; height_phone=&#8221;auto&#8221; height_last_edited=&#8221;on|desktop&#8221; custom_margin=&#8221;||||false|false&#8221; custom_padding=&#8221;0px||4px||false|false&#8221; custom_padding_tablet=&#8221;60px||||false|false&#8221; custom_padding_phone=&#8221;20px||||false|false&#8221; link_option_url=&#8221;https:\/\/www.youtube.com\/watch?v=mgeeJwLZhWA&#8221; link_option_url_new_window=&#8221;on&#8221; custom_css_main_element=&#8221;margin:auto;&#8221; global_colors_info=&#8221;{}&#8221;][et_pb_column type=&#8221;4_4&#8243; _builder_version=&#8221;4.24.0&#8243; _module_preset=&#8221;default&#8221; custom_padding=&#8221;||||false|false&#8221; custom_css_main_element=&#8221;margin:auto;&#8221; global_colors_info=&#8221;{}&#8221;][et_pb_text _builder_version=&#8221;4.24.0&#8243; _module_preset=&#8221;default&#8221; header_font=&#8221;Poppins|800||on|||||&#8221; header_text_align=&#8221;center&#8221; header_text_color=&#8221;#FFFFFF&#8221; header_font_size=&#8221;65px&#8221; header_letter_spacing=&#8221;2px&#8221; header_line_height=&#8221;1.1em&#8221; background_color=&#8221;rgba(0,0,0,0.3)&#8221; text_orientation=&#8221;center&#8221; custom_margin=&#8221;||0px||false|false&#8221; custom_padding=&#8221;5px||||false|false&#8221; header_font_size_tablet=&#8221;40px&#8221; header_font_size_phone=&#8221;22px&#8221; header_font_size_last_edited=&#8221;on|phone&#8221; custom_css_main_element=&#8221;margin:auto;&#8221; global_colors_info=&#8221;{}&#8221;]<\/p>\n<h1 style=\"text-align: center;\">Nowy singiel<\/h1>\n<h1 style=\"text-align: center;\">Jula &#8211; Naiwno\u015b\u0107<\/h1>\n<p>[\/et_pb_text][\/et_pb_column][\/et_pb_row][et_pb_row column_structure=&#8221;1_5,1_5,1_5,1_5,1_5&#8243; _builder_version=&#8221;4.24.0&#8243; _module_preset=&#8221;default&#8221; global_colors_info=&#8221;{}&#8221;][et_pb_column type=&#8221;1_5&#8243; _builder_version=&#8221;4.24.0&#8243; _module_preset=&#8221;default&#8221; global_colors_info=&#8221;{}&#8221;][et_pb_image src=&#8221;https:\/\/jula.tv\/wp-content\/uploads\/2024\/01\/spotify_logo.png&#8221; title_text=&#8221;spotify_logo&#8221; url=&#8221;https:\/\/open.spotify.com\/track\/1YZTmLr925PUivRzB8TY8B?si=e1bbecfc4ba044df&#8221; url_new_window=&#8221;on&#8221; use_overlay=&#8221;on&#8221; overlay_icon_color=&#8221;#000000&#8243; hover_overlay_color=&#8221;rgba(255,255,255,0.5)&#8221; hover_icon=&#8221;&#xf144;||fa||400&#8243; _builder_version=&#8221;4.24.0&#8243; _module_preset=&#8221;default&#8221; background_color=&#8221;#FFFFFF&#8221; z_index=&#8221;11&#8243; global_colors_info=&#8221;{}&#8221;][\/et_pb_image][\/et_pb_column][et_pb_column type=&#8221;1_5&#8243; _builder_version=&#8221;4.24.0&#8243; _module_preset=&#8221;default&#8221; global_colors_info=&#8221;{}&#8221;][et_pb_image src=&#8221;https:\/\/jula.tv\/wp-content\/uploads\/2024\/01\/tidal_logo.png&#8221; title_text=&#8221;tidal_logo&#8221; url=&#8221;https:\/\/tidal.com\/browse\/album\/339462418&#8243; url_new_window=&#8221;on&#8221; use_overlay=&#8221;on&#8221; overlay_icon_color=&#8221;#000000&#8243; hover_overlay_color=&#8221;rgba(255,255,255,0.5)&#8221; hover_icon=&#8221;&#xf144;||fa||400&#8243; _builder_version=&#8221;4.24.0&#8243; _module_preset=&#8221;default&#8221; background_color=&#8221;#FFFFFF&#8221; z_index=&#8221;11&#8243; global_colors_info=&#8221;{}&#8221;][\/et_pb_image][\/et_pb_column][et_pb_column type=&#8221;1_5&#8243; _builder_version=&#8221;4.24.0&#8243; _module_preset=&#8221;default&#8221; global_colors_info=&#8221;{}&#8221;][et_pb_image src=&#8221;https:\/\/jula.tv\/wp-content\/uploads\/2024\/01\/deezer_logo.png&#8221; title_text=&#8221;deezer_logo&#8221; url=&#8221;https:\/\/deezer.page.link\/7A5VoK6zG1qSzMgR9&#8243; url_new_window=&#8221;on&#8221; use_overlay=&#8221;on&#8221; overlay_icon_color=&#8221;#000000&#8243; hover_overlay_color=&#8221;rgba(255,255,255,0.5)&#8221; hover_icon=&#8221;&#xf144;||fa||400&#8243; _builder_version=&#8221;4.24.0&#8243; _module_preset=&#8221;default&#8221; background_color=&#8221;#FFFFFF&#8221; z_index=&#8221;11&#8243; global_colors_info=&#8221;{}&#8221;][\/et_pb_image][\/et_pb_column][et_pb_column type=&#8221;1_5&#8243; _builder_version=&#8221;4.24.0&#8243; _module_preset=&#8221;default&#8221; global_colors_info=&#8221;{}&#8221;][et_pb_image src=&#8221;https:\/\/jula.tv\/wp-content\/uploads\/2024\/01\/apple_music.png&#8221; title_text=&#8221;apple_music&#8221; url=&#8221;https:\/\/music.apple.com\/pl\/album\/naiwno%C5%9B%C4%87\/1725398358?i=1725398364&#038;l=pl&#8221; url_new_window=&#8221;on&#8221; use_overlay=&#8221;on&#8221; overlay_icon_color=&#8221;#000000&#8243; hover_overlay_color=&#8221;rgba(255,255,255,0.5)&#8221; hover_icon=&#8221;&#xf144;||fa||400&#8243; _builder_version=&#8221;4.24.0&#8243; _module_preset=&#8221;default&#8221; background_color=&#8221;#FFFFFF&#8221; z_index=&#8221;11&#8243; global_colors_info=&#8221;{}&#8221;][\/et_pb_image][\/et_pb_column][et_pb_column type=&#8221;1_5&#8243; _builder_version=&#8221;4.24.0&#8243; _module_preset=&#8221;default&#8221; global_colors_info=&#8221;{}&#8221;][et_pb_image src=&#8221;https:\/\/jula.tv\/wp-content\/uploads\/2024\/01\/youtube_logo.png&#8221; title_text=&#8221;youtube_logo&#8221; url=&#8221;https:\/\/youtu.be\/mgeeJwLZhWA?si=WtpT2y7Rd74_da9k&#8221; url_new_window=&#8221;on&#8221; use_overlay=&#8221;on&#8221; overlay_icon_color=&#8221;#000000&#8243; hover_overlay_color=&#8221;rgba(255,255,255,0.5)&#8221; hover_icon=&#8221;&#xf144;||fa||400&#8243; _builder_version=&#8221;4.24.0&#8243; _module_preset=&#8221;default&#8221; background_color=&#8221;#FFFFFF&#8221; z_index=&#8221;11&#8243; global_colors_info=&#8221;{}&#8221;][\/et_pb_image][\/et_pb_column][\/et_pb_row][et_pb_row _builder_version=&#8221;4.24.0&#8243; _module_preset=&#8221;default&#8221; global_colors_info=&#8221;{}&#8221;][et_pb_column type=&#8221;4_4&#8243; _builder_version=&#8221;4.24.0&#8243; _module_preset=&#8221;default&#8221; global_colors_info=&#8221;{}&#8221;][et_pb_text _builder_version=&#8221;4.24.0&#8243; _module_preset=&#8221;default&#8221; text_font_size=&#8221;16px&#8221; text_letter_spacing=&#8221;1px&#8221; link_font=&#8221;|600|||||||&#8221; link_text_color=&#8221;#FFFFFF&#8221; global_colors_info=&#8221;{}&#8221;]<\/p>\n<p style=\"text-align: center;\"><a href=\"https:\/\/www.facebook.com\/JulaPL\/\" target=\"_blank\" rel=\"noopener\">FACEBOOK<\/a> | <a href=\"https:\/\/www.instagram.com\/julamusic_\/\" target=\"_blank\" rel=\"noopener\">INSTAGRAM<\/a> | <a href=\"https:\/\/www.tiktok.com\/@jula_oficjalny\" target=\"_blank\" rel=\"noopener\">TIKTOK<\/a> | <a href=\"https:\/\/www.youtube.com\/channel\/UCZDQLnPhhoZ_u2gagxPdMMg\" target=\"_blank\" rel=\"noopener\">YOUTUBE<\/a><\/p>\n<p>[\/et_pb_text][\/et_pb_column][\/et_pb_row][et_pb_row column_structure=&#8221;1_2,1_2&#8243; make_equal=&#8221;on&#8221; _builder_version=&#8221;4.24.0&#8243; _module_preset=&#8221;default&#8221; background_color=&#8221;rgba(10,10,10,0.4)&#8221; z_index=&#8221;10&#8243; width=&#8221;100%&#8221; max_width=&#8221;100vw&#8221; custom_margin=&#8221;35px|auto||auto|false|false&#8221; custom_margin_tablet=&#8221;60px||||false|false&#8221; custom_margin_phone=&#8221;60px||||false|false&#8221; custom_margin_last_edited=&#8221;on|phone&#8221; box_shadow_style=&#8221;preset3&#8243; global_colors_info=&#8221;{}&#8221;][et_pb_column type=&#8221;1_2&#8243; _builder_version=&#8221;4.24.0&#8243; _module_preset=&#8221;default&#8221; custom_css_main_element=&#8221;margin:auto;&#8221; global_colors_info=&#8221;{}&#8221;][et_pb_text _builder_version=&#8221;4.24.0&#8243; _module_preset=&#8221;default&#8221; text_text_color=&#8221;#FFFFFF&#8221; text_font_size=&#8221;17px&#8221; header_3_font=&#8221;|||on|||||&#8221; header_3_text_color=&#8221;#FFFFFF&#8221; header_3_line_height=&#8221;0em&#8221; text_orientation=&#8221;right&#8221; custom_padding=&#8221;10px||||false|false&#8221; hover_enabled=&#8221;0&#8243; custom_css_main_element=&#8221;margin:auto;&#8221; global_colors_info=&#8221;{}&#8221; sticky_enabled=&#8221;0&#8243;]<\/p>\n<h3 style=\"text-align: right;\"><strong>KONTAKT<\/strong><\/h3>\n<p>[\/et_pb_text][\/et_pb_column][et_pb_column type=&#8221;1_2&#8243; _builder_version=&#8221;4.24.0&#8243; _module_preset=&#8221;default&#8221; global_colors_info=&#8221;{}&#8221;][et_pb_text _builder_version=&#8221;4.24.0&#8243; _module_preset=&#8221;default&#8221; text_text_color=&#8221;#FFFFFF&#8221; text_font_size=&#8221;17px&#8221; link_text_color=&#8221;#FFFFFF&#8221; header_3_text_color=&#8221;#FFFFFF&#8221; custom_padding=&#8221;|0px||0px|false|true&#8221; custom_padding_tablet=&#8221;10px|10%||10%|false|true&#8221; custom_padding_phone=&#8221;30px|5%||5%|false|true&#8221; custom_padding_last_edited=&#8221;on|desktop&#8221; hover_enabled=&#8221;0&#8243; global_colors_info=&#8221;{}&#8221; sticky_enabled=&#8221;0&#8243;]<\/p>\n<p style=\"text-align: left;\"><strong>Wsp\u00f3\u0142praca:<\/strong> <a href=\"mailto:wspolpraca@jula.tv\">wspolpraca@jula.tv<\/a><br \/><strong>Koncerty:<\/strong> <a href=\"mailto:koncerty@jula.tv\">koncerty@jula.tv<\/a><\/p>\n<p>[\/et_pb_text][\/et_pb_column][\/et_pb_row][\/et_pb_section]<\/p>\n","protected":false},"excerpt":{"rendered":"<p>Nowy singiel Jula &#8211; Naiwno\u015b\u0107FACEBOOK | INSTAGRAM | TIKTOK | YOUTUBEKONTAKTWsp\u00f3\u0142praca: wspolpraca@jula.tvKoncerty: koncerty@jula.tv<\/p>\n","protected":false},"author":1,"featured_media":0,"parent":0,"menu_order":0,"comment_status":"closed","ping_status":"closed","template":"","meta":{"_et_pb_use_builder":"on","_et_pb_old_content":"","_et_gb_content_width":"","footnotes":""},"yoast_head":"<!-- This site is optimized with the Yoast SEO plugin v21.9 - https:\/\/yoast.com\/wordpress\/plugins\/seo\/ -->\n<title>Jula.tv - Oficjalna strona piosenkarki<\/title>\n<meta name=\"description\" content=\"Jula.tv to oficjalna strona piosenkarki Julity. B\u0105d\u017a na bie\u017c\u0105co z artystyczn\u0105 podr\u00f3\u017c\u0105 Julii i do\u0142\u0105cz do spo\u0142eczno\u015bci fan\u00f3w.&quot;\" \/>\n<meta name=\"robots\" content=\"index, follow, max-snippet:-1, max-image-preview:large, max-video-preview:-1\" \/>\n<link rel=\"canonical\" href=\"https:\/\/jula.tv\/\" \/>\n<meta property=\"og:locale\" content=\"pl_PL\" \/>\n<meta property=\"og:type\" content=\"article\" \/>\n<meta property=\"og:title\" content=\"Jula.tv - Oficjalna strona piosenkarki\" \/>\n<meta property=\"og:description\" content=\"Jula.tv to oficjalna strona piosenkarki Julity. B\u0105d\u017a na bie\u017c\u0105co z artystyczn\u0105 podr\u00f3\u017c\u0105 Julii i do\u0142\u0105cz do spo\u0142eczno\u015bci fan\u00f3w.&quot;\" \/>\n<meta property=\"og:url\" content=\"https:\/\/jula.tv\/\" \/>\n<meta property=\"og:site_name\" content=\"Jula\" \/>\n<meta property=\"article:modified_time\" content=\"2025-02-12T19:58:38+00:00\" \/>\n<meta name=\"twitter:card\" content=\"summary_large_image\" \/>\n<meta name=\"twitter:label1\" content=\"Szacowany czas czytania\" \/>\n\t<meta name=\"twitter:data1\" content=\"1 minuta\" \/>\n<script type=\"application\/ld+json\" class=\"yoast-schema-graph\">{\"@context\":\"https:\/\/schema.org\",\"@graph\":[{\"@type\":\"WebPage\",\"@id\":\"https:\/\/jula.tv\/\",\"url\":\"https:\/\/jula.tv\/\",\"name\":\"Jula.tv - Oficjalna strona piosenkarki\",\"isPartOf\":{\"@id\":\"https:\/\/jula.tv\/#website\"},\"datePublished\":\"2024-01-23T18:50:14+00:00\",\"dateModified\":\"2025-02-12T19:58:38+00:00\",\"description\":\"Jula.tv to oficjalna strona piosenkarki Julity. B\u0105d\u017a na bie\u017c\u0105co z artystyczn\u0105 podr\u00f3\u017c\u0105 Julii i do\u0142\u0105cz do spo\u0142eczno\u015bci fan\u00f3w.\\\"\",\"breadcrumb\":{\"@id\":\"https:\/\/jula.tv\/#breadcrumb\"},\"inLanguage\":\"pl-PL\",\"potentialAction\":[{\"@type\":\"ReadAction\",\"target\":[\"https:\/\/jula.tv\/\"]}]},{\"@type\":\"BreadcrumbList\",\"@id\":\"https:\/\/jula.tv\/#breadcrumb\",\"itemListElement\":[{\"@type\":\"ListItem\",\"position\":1,\"name\":\"Strona g\u0142\u00f3wna\",\"item\":\"https:\/\/jula.tv\/\"},{\"@type\":\"ListItem\",\"position\":2,\"name\":\"Strona g\u0142\u00f3wna\"}]},{\"@type\":\"WebSite\",\"@id\":\"https:\/\/jula.tv\/#website\",\"url\":\"https:\/\/jula.tv\/\",\"name\":\"Jula\",\"description\":\"Oficjalna strona Juli\",\"potentialAction\":[{\"@type\":\"SearchAction\",\"target\":{\"@type\":\"EntryPoint\",\"urlTemplate\":\"https:\/\/jula.tv\/?s={search_term_string}\"},\"query-input\":\"required name=search_term_string\"}],\"inLanguage\":\"pl-PL\"}]}<\/script>\n<!-- \/ Yoast SEO plugin. -->","yoast_head_json":{"title":"Jula.tv - Oficjalna strona piosenkarki","description":"Jula.tv to oficjalna strona piosenkarki Julity. B\u0105d\u017a na bie\u017c\u0105co z artystyczn\u0105 podr\u00f3\u017c\u0105 Julii i do\u0142\u0105cz do spo\u0142eczno\u015bci fan\u00f3w.\"","robots":{"index":"index","follow":"follow","max-snippet":"max-snippet:-1","max-image-preview":"max-image-preview:large","max-video-preview":"max-video-preview:-1"},"canonical":"https:\/\/jula.tv\/","og_locale":"pl_PL","og_type":"article","og_title":"Jula.tv - Oficjalna strona piosenkarki","og_description":"Jula.tv to oficjalna strona piosenkarki Julity. B\u0105d\u017a na bie\u017c\u0105co z artystyczn\u0105 podr\u00f3\u017c\u0105 Julii i do\u0142\u0105cz do spo\u0142eczno\u015bci fan\u00f3w.\"","og_url":"https:\/\/jula.tv\/","og_site_name":"Jula","article_modified_time":"2025-02-12T19:58:38+00:00","twitter_card":"summary_large_image","twitter_misc":{"Szacowany czas czytania":"1 minuta"},"schema":{"@context":"https:\/\/schema.org","@graph":[{"@type":"WebPage","@id":"https:\/\/jula.tv\/","url":"https:\/\/jula.tv\/","name":"Jula.tv - Oficjalna strona piosenkarki","isPartOf":{"@id":"https:\/\/jula.tv\/#website"},"datePublished":"2024-01-23T18:50:14+00:00","dateModified":"2025-02-12T19:58:38+00:00","description":"Jula.tv to oficjalna strona piosenkarki Julity. B\u0105d\u017a na bie\u017c\u0105co z artystyczn\u0105 podr\u00f3\u017c\u0105 Julii i do\u0142\u0105cz do spo\u0142eczno\u015bci fan\u00f3w.\"","breadcrumb":{"@id":"https:\/\/jula.tv\/#breadcrumb"},"inLanguage":"pl-PL","potentialAction":[{"@type":"ReadAction","target":["https:\/\/jula.tv\/"]}]},{"@type":"BreadcrumbList","@id":"https:\/\/jula.tv\/#breadcrumb","itemListElement":[{"@type":"ListItem","position":1,"name":"Strona g\u0142\u00f3wna","item":"https:\/\/jula.tv\/"},{"@type":"ListItem","position":2,"name":"Strona g\u0142\u00f3wna"}]},{"@type":"WebSite","@id":"https:\/\/jula.tv\/#website","url":"https:\/\/jula.tv\/","name":"Jula","description":"Oficjalna strona Juli","potentialAction":[{"@type":"SearchAction","target":{"@type":"EntryPoint","urlTemplate":"https:\/\/jula.tv\/?s={search_term_string}"},"query-input":"required name=search_term_string"}],"inLanguage":"pl-PL"}]}},"_links":{"self":[{"href":"https:\/\/jula.tv\/index.php\/wp-json\/wp\/v2\/pages\/53"}],"collection":[{"href":"https:\/\/jula.tv\/index.php\/wp-json\/wp\/v2\/pages"}],"about":[{"href":"https:\/\/jula.tv\/index.php\/wp-json\/wp\/v2\/types\/page"}],"author":[{"embeddable":true,"href":"https:\/\/jula.tv\/index.php\/wp-json\/wp\/v2\/users\/1"}],"replies":[{"embeddable":true,"href":"https:\/\/jula.tv\/index.php\/wp-json\/wp\/v2\/comments?post=53"}],"version-history":[{"count":20,"href":"https:\/\/jula.tv\/index.php\/wp-json\/wp\/v2\/pages\/53\/revisions"}],"predecessor-version":[{"id":115,"href":"https:\/\/jula.tv\/index.php\/wp-json\/wp\/v2\/pages\/53\/revisions\/115"}],"wp:attachment":[{"href":"https:\/\/jula.tv\/index.php\/wp-json\/wp\/v2\/media?parent=53"}],"curies":[{"name":"wp","href":"https:\/\/api.w.org\/{rel}","templated":true}]}}